{"id":73,"date":"2023-03-14T12:15:07","date_gmt":"2023-03-14T12:15:07","guid":{"rendered":"https:\/\/www.torreamatcardedeu.com\/index.php\/wedding-atelier\/"},"modified":"2024-03-19T16:10:24","modified_gmt":"2024-03-19T16:10:24","slug":"historia","status":"publish","type":"page","link":"https:\/\/www.torreamatcardedeu.com\/index.php\/historia\/","title":{"rendered":"Historia Torre Amat"},"content":{"rendered":"\t\t<div data-elementor-type=\"wp-page\" data-elementor-id=\"73\" class=\"elementor elementor-73\">\n\t\t\t\t\t\t<section class=\"elementor-section elementor-top-section elementor-element elementor-element-53bb984 elementor-section-full_width elementor-section-height-default elementor-section-height-default sc_fly_static\" data-id=\"53bb984\" data-element_type=\"section\" data-e-type=\"section\">\n\t\t\t\t\t\t<div class=\"elementor-container elementor-column-gap-extended\">\n\t\t\t\t\t<div class=\"elementor-column elementor-col-100 elementor-top-column elementor-element elementor-element-f7a7038 sc_inner_width_none sc_content_align_inherit sc_layouts_column_icons_position_left sc_fly_static\" data-id=\"f7a7038\" data-element_type=\"column\" data-e-type=\"column\">\n\t\t\t<div class=\"elementor-widget-wrap elementor-element-populated\">\n\t\t\t\t\t\t<div class=\"elementor-element elementor-element-8a47be6 sc_fly_static elementor-widget elementor-widget-shortcode\" data-id=\"8a47be6\" data-element_type=\"widget\" data-e-type=\"widget\" data-widget_type=\"shortcode.default\">\n\t\t\t\t<div class=\"elementor-widget-container\">\n\t\t\t\t\t\t\t<div class=\"elementor-shortcode\"><div \t\tclass=\"sc_layouts sc_layouts_default sc_layouts_45\"\n\t\tdata-delay=\"0\"\n\t\t>\t\t<div data-elementor-type=\"wp-post\" data-elementor-id=\"45\" class=\"elementor elementor-45\">\n\t\t\t\t\t\t<section class=\"elementor-section elementor-top-section elementor-element elementor-element-6b30948 elementor-section-content-middle sc_layouts_row sc_layouts_row_type_compact elementor-section-boxed elementor-section-height-default elementor-section-height-default sc_fly_static\" data-id=\"6b30948\" data-element_type=\"section\" data-e-type=\"section\" data-settings=\"{&quot;background_background&quot;:&quot;classic&quot;}\">\n\t\t\t\t\t\t<div class=\"elementor-container elementor-column-gap-extended\">\n\t\t\t\t\t<div class=\"elementor-column elementor-col-50 elementor-top-column elementor-element elementor-element-bf654bd sc_inner_width_none sc_content_align_inherit sc_layouts_column_icons_position_left sc_fly_static\" data-id=\"bf654bd\" data-element_type=\"column\" data-e-type=\"column\">\n\t\t\t<div class=\"elementor-widget-wrap elementor-element-populated\">\n\t\t\t\t\t\t<div class=\"elementor-element elementor-element-909fd48 sc_fly_static elementor-widget elementor-widget-trx_sc_layouts_logo\" data-id=\"909fd48\" data-element_type=\"widget\" data-e-type=\"widget\" data-widget_type=\"trx_sc_layouts_logo.default\">\n\t\t\t\t<div class=\"elementor-widget-container\">\n\t\t\t\t\t<a href=\"https:\/\/www.torreamatcardedeu.com\/\"\n\t\tclass=\"sc_layouts_logo sc_layouts_logo_default trx_addons_inline_635329385\" ><img fetchpriority=\"high\" class=\"logo_image\"\n\t\t\t\t\tsrc=\"\/\/www.torreamatcardedeu.com\/wp-content\/uploads\/2024\/03\/cropped-Torre-Amat-Logo.png\"\n\t\t\t\t\t\t\t\t\t\t\tsrcset=\"\/\/www.torreamatcardedeu.com\/wp-content\/uploads\/2024\/02\/cropped-Sin-titulo-1-03.png 2x\"\n\t\t\t\t\t\t\t\t\t\t\talt=\"Torre Amat Cardedeu\" width=\"556\" height=\"139\"><\/a>\t\t\t\t<\/div>\n\t\t\t\t<\/div>\n\t\t\t\t\t<\/div>\n\t\t<\/div>\n\t\t\t\t<div class=\"elementor-column elementor-col-50 elementor-top-column elementor-element elementor-element-ec2b378 sc_layouts_column_align_right sc_layouts_column sc_inner_width_none sc_content_align_inherit sc_layouts_column_icons_position_left sc_fly_static\" data-id=\"ec2b378\" data-element_type=\"column\" data-e-type=\"column\">\n\t\t\t<div class=\"elementor-widget-wrap elementor-element-populated\">\n\t\t\t\t\t\t<div class=\"elementor-element elementor-element-441381d sc_fly_static elementor-widget elementor-widget-trx_sc_layouts_menu\" data-id=\"441381d\" data-element_type=\"widget\" data-e-type=\"widget\" data-widget_type=\"trx_sc_layouts_menu.default\">\n\t\t\t\t<div class=\"elementor-widget-container\">\n\t\t\t\t\t<nav class=\"sc_layouts_menu sc_layouts_menu_modern sc_layouts_menu_dir_horizontal menu_hover_zoom_line\" data-animation-in=\"fadeIn\" data-animation-out=\"fadeOut\" ><ul id=\"sc_layouts_menu_520869425\" class=\"sc_layouts_menu_nav\"><li id=\"menu-item-806\" class=\"menu-item menu-item-type-custom menu-item-object-custom menu-item-806\"><a href=\"https:\/\/www.torreamatcardedeu.com\/index.php\/historia\/\"><span>Sobre la Torre Amat<\/span><\/a><\/li><\/ul><\/nav>\t\t\t\t<\/div>\n\t\t\t\t<\/div>\n\t\t\t\t\t<\/div>\n\t\t<\/div>\n\t\t\t\t\t<\/div>\n\t\t<\/section>\n\t\t\t\t<\/div>\n\t\t<\/div>\t\n<\/div>\n\t\t\t\t\t\t<\/div>\n\t\t\t\t<\/div>\n\t\t\t\t\t<\/div>\n\t\t<\/div>\n\t\t\t\t\t<\/div>\n\t\t<\/section>\n\t\t\t\t<section class=\"elementor-section-with-custom-width elementor-section elementor-top-section elementor-element elementor-element-78fc2a2c elementor-section-content-middle elementor-section-stretched elementor-section-boxed elementor-section-height-default elementor-section-height-default sc_fly_static\" data-id=\"78fc2a2c\" data-element_type=\"section\" data-e-type=\"section\" data-settings=\"{&quot;stretch_section&quot;:&quot;section-stretched&quot;,&quot;background_background&quot;:&quot;classic&quot;}\">\n\t\t\t\t\t\t<div class=\"elementor-container elementor-column-gap-no\">\n\t\t\t\t\t<div class=\"elementor-column elementor-col-33 elementor-top-column elementor-element elementor-element-2856aa40 sc_inner_width_none sc_content_align_inherit sc_layouts_column_icons_position_left sc_fly_static\" data-id=\"2856aa40\" data-element_type=\"column\" data-e-type=\"column\">\n\t\t\t<div class=\"elementor-widget-wrap elementor-element-populated\">\n\t\t\t\t\t\t<div class=\"elementor-element elementor-element-1187d31 sc_fly_static elementor-widget elementor-widget-heading\" data-id=\"1187d31\" data-element_type=\"widget\" data-e-type=\"widget\" data-widget_type=\"heading.default\">\n\t\t\t\t<div class=\"elementor-widget-container\">\n\t\t\t\t\t<h1 class=\"elementor-heading-title elementor-size-default\">Torre Amat, <br>Cardedeu<\/h1>\t\t\t\t<\/div>\n\t\t\t\t<\/div>\n\t\t\t\t\t<\/div>\n\t\t<\/div>\n\t\t\t\t<div class=\"elementor-column elementor-col-33 elementor-top-column elementor-element elementor-element-5bf0a71f sc_inner_width_none sc_content_align_inherit sc_layouts_column_icons_position_left sc_fly_static\" data-id=\"5bf0a71f\" data-element_type=\"column\" data-e-type=\"column\">\n\t\t\t<div class=\"elementor-widget-wrap elementor-element-populated\">\n\t\t\t\t\t\t<div class=\"elementor-element elementor-element-1930e20e sc_fly_static elementor-widget elementor-widget-image\" data-id=\"1930e20e\" data-element_type=\"widget\" data-e-type=\"widget\" data-widget_type=\"image.default\">\n\t\t\t\t<div class=\"elementor-widget-container\">\n\t\t\t\t\t\t\t\t\t\t\t\t\t\t\t<img decoding=\"async\" width=\"1707\" height=\"2560\" src=\"https:\/\/www.torreamatcardedeu.com\/wp-content\/uploads\/2024\/03\/E2bB-1246-scaled.jpg\" class=\"elementor-animation-grow attachment-full size-full wp-image-1229\" alt=\"\" srcset=\"https:\/\/www.torreamatcardedeu.com\/wp-content\/uploads\/2024\/03\/E2bB-1246-scaled.jpg 1707w, https:\/\/www.torreamatcardedeu.com\/wp-content\/uploads\/2024\/03\/E2bB-1246-200x300.jpg 200w, https:\/\/www.torreamatcardedeu.com\/wp-content\/uploads\/2024\/03\/E2bB-1246-683x1024.jpg 683w, https:\/\/www.torreamatcardedeu.com\/wp-content\/uploads\/2024\/03\/E2bB-1246-768x1152.jpg 768w, https:\/\/www.torreamatcardedeu.com\/wp-content\/uploads\/2024\/03\/E2bB-1246-1024x1536.jpg 1024w, https:\/\/www.torreamatcardedeu.com\/wp-content\/uploads\/2024\/03\/E2bB-1246-1365x2048.jpg 1365w, https:\/\/www.torreamatcardedeu.com\/wp-content\/uploads\/2024\/03\/E2bB-1246-370x555.jpg 370w, https:\/\/www.torreamatcardedeu.com\/wp-content\/uploads\/2024\/03\/E2bB-1246-840x1260.jpg 840w, https:\/\/www.torreamatcardedeu.com\/wp-content\/uploads\/2024\/03\/E2bB-1246-410x615.jpg 410w\" sizes=\"(max-width: 1707px) 100vw, 1707px\" \/>\t\t\t\t\t\t\t\t\t\t\t\t\t\t\t<\/div>\n\t\t\t\t<\/div>\n\t\t\t\t<div class=\"elementor-element elementor-element-66f62540 sc_fly_static elementor-widget elementor-widget-text-editor\" data-id=\"66f62540\" data-element_type=\"widget\" data-e-type=\"widget\" data-widget_type=\"text-editor.default\">\n\t\t\t\t<div class=\"elementor-widget-container\">\n\t\t\t\t\t\t\t\t\t<br>\nEs un <strong>edificio protegido como bien cultural <\/strong>de inter\u00e9s local. Construida dos a\u00f1os despu\u00e9s de la finalizaci\u00f3n de la carretera de Caldes, su estilo sugiere <strong>influencia vienesa<\/strong>, posiblemente debido al viaje realizado por su arquitecto, <strong>Ramon Puig Gairalt<\/strong>, a Viena. Esta construcci\u00f3n se enmarca en el per\u00edodo de mayor actividad constructiva en la villa a lo largo de la carretera de Caldes, entre aproximadamente 1910 y 1920, cuando Cardedeu se convirti\u00f3 en un destino de veraneo popular.\t\t\t\t\t\t\t\t<\/div>\n\t\t\t\t<\/div>\n\t\t\t\t\t<\/div>\n\t\t<\/div>\n\t\t\t\t<div class=\"elementor-column elementor-col-33 elementor-top-column elementor-element elementor-element-5adc3876 sc_inner_width_none sc_content_align_inherit sc_layouts_column_icons_position_left sc_fly_static\" data-id=\"5adc3876\" data-element_type=\"column\" data-e-type=\"column\">\n\t\t\t<div class=\"elementor-widget-wrap elementor-element-populated\">\n\t\t\t\t\t\t<div class=\"elementor-element elementor-element-3fe575f1 sc_fly_static elementor-widget elementor-widget-text-editor\" data-id=\"3fe575f1\" data-element_type=\"widget\" data-e-type=\"widget\" data-widget_type=\"text-editor.default\">\n\t\t\t\t<div class=\"elementor-widget-container\">\n\t\t\t\t\t\t\t\t\t<p>Promovida por<strong> Joan Amat Sorman\u00ed, miembro influyente de la alta burgues\u00eda barcelonesa y alcalde de Barcelona<\/strong>, la Torre Amat fue una de las primeras residencias de veraneo en la zona. Sin embargo, la muerte de Amat en 1921 marc\u00f3 un tr\u00e1gico giro en su historia.<\/p>\t\t\t\t\t\t\t\t<\/div>\n\t\t\t\t<\/div>\n\t\t\t\t<div class=\"elementor-element elementor-element-f8dc99b sc_fly_static elementor-widget elementor-widget-spacer\" data-id=\"f8dc99b\" data-element_type=\"widget\" data-e-type=\"widget\" data-widget_type=\"spacer.default\">\n\t\t\t\t<div class=\"elementor-widget-container\">\n\t\t\t\t\t\t\t<div class=\"elementor-spacer\">\n\t\t\t<div class=\"elementor-spacer-inner\"><\/div>\n\t\t<\/div>\n\t\t\t\t\t\t<\/div>\n\t\t\t\t<\/div>\n\t\t\t\t<div class=\"elementor-element elementor-element-6c40daa4 sc_fly_static elementor-widget elementor-widget-image\" data-id=\"6c40daa4\" data-element_type=\"widget\" data-e-type=\"widget\" data-widget_type=\"image.default\">\n\t\t\t\t<div class=\"elementor-widget-container\">\n\t\t\t\t\t\t\t\t\t\t\t\t\t\t\t<img decoding=\"async\" width=\"1120\" height=\"1496\" src=\"https:\/\/www.torreamatcardedeu.com\/wp-content\/uploads\/2024\/03\/Captura-de-Pantalla-2024-03-07-a-las-10.58.59.png\" class=\"elementor-animation-grow attachment-full size-full wp-image-742\" alt=\"\" srcset=\"https:\/\/www.torreamatcardedeu.com\/wp-content\/uploads\/2024\/03\/Captura-de-Pantalla-2024-03-07-a-las-10.58.59.png 1120w, https:\/\/www.torreamatcardedeu.com\/wp-content\/uploads\/2024\/03\/Captura-de-Pantalla-2024-03-07-a-las-10.58.59-225x300.png 225w, https:\/\/www.torreamatcardedeu.com\/wp-content\/uploads\/2024\/03\/Captura-de-Pantalla-2024-03-07-a-las-10.58.59-767x1024.png 767w, https:\/\/www.torreamatcardedeu.com\/wp-content\/uploads\/2024\/03\/Captura-de-Pantalla-2024-03-07-a-las-10.58.59-768x1026.png 768w, https:\/\/www.torreamatcardedeu.com\/wp-content\/uploads\/2024\/03\/Captura-de-Pantalla-2024-03-07-a-las-10.58.59-370x493.png 370w, https:\/\/www.torreamatcardedeu.com\/wp-content\/uploads\/2024\/03\/Captura-de-Pantalla-2024-03-07-a-las-10.58.59-840x1122.png 840w, https:\/\/www.torreamatcardedeu.com\/wp-content\/uploads\/2024\/03\/Captura-de-Pantalla-2024-03-07-a-las-10.58.59-410x548.png 410w\" sizes=\"(max-width: 1120px) 100vw, 1120px\" \/>\t\t\t\t\t\t\t\t\t\t\t\t\t\t\t<\/div>\n\t\t\t\t<\/div>\n\t\t\t\t<div class=\"elementor-element elementor-element-e557058 sc_height_huge sc_fly_static elementor-widget elementor-widget-spacer\" data-id=\"e557058\" data-element_type=\"widget\" data-e-type=\"widget\" data-widget_type=\"spacer.default\">\n\t\t\t\t<div class=\"elementor-widget-container\">\n\t\t\t\t\t\t\t<div class=\"elementor-spacer\">\n\t\t\t<div class=\"elementor-spacer-inner\"><\/div>\n\t\t<\/div>\n\t\t\t\t\t\t<\/div>\n\t\t\t\t<\/div>\n\t\t\t\t\t<\/div>\n\t\t<\/div>\n\t\t\t\t\t<\/div>\n\t\t<\/section>\n\t\t\t\t<section class=\"elementor-section-with-custom-width elementor-section elementor-top-section elementor-element elementor-element-6e15109 elementor-section-stretched elementor-section-boxed elementor-section-height-default elementor-section-height-default sc_fly_static\" data-id=\"6e15109\" data-element_type=\"section\" data-e-type=\"section\" data-settings=\"{&quot;background_background&quot;:&quot;classic&quot;,&quot;stretch_section&quot;:&quot;section-stretched&quot;}\">\n\t\t\t\t\t\t<div class=\"elementor-container elementor-column-gap-extended\">\n\t\t\t\t\t<div class=\"elementor-column elementor-col-100 elementor-top-column elementor-element elementor-element-0ce93f8 sc_inner_width_none sc_content_align_inherit sc_layouts_column_icons_position_left sc_fly_static\" data-id=\"0ce93f8\" data-element_type=\"column\" data-e-type=\"column\">\n\t\t\t<div class=\"elementor-widget-wrap elementor-element-populated\">\n\t\t\t\t\t\t<div class=\"elementor-element elementor-element-95010ba sc_height_huge sc_fly_static elementor-widget elementor-widget-spacer\" data-id=\"95010ba\" data-element_type=\"widget\" data-e-type=\"widget\" data-widget_type=\"spacer.default\">\n\t\t\t\t<div class=\"elementor-widget-container\">\n\t\t\t\t\t\t\t<div class=\"elementor-spacer\">\n\t\t\t<div class=\"elementor-spacer-inner\"><\/div>\n\t\t<\/div>\n\t\t\t\t\t\t<\/div>\n\t\t\t\t<\/div>\n\t\t\t\t\t<\/div>\n\t\t<\/div>\n\t\t\t\t\t<\/div>\n\t\t<\/section>\n\t\t\t\t<section class=\"elementor-section-with-custom-width elementor-section elementor-top-section elementor-element elementor-element-df0da21 elementor-section-stretched elementor-section-boxed elementor-section-height-default elementor-section-height-default sc_fly_static\" data-id=\"df0da21\" data-element_type=\"section\" data-e-type=\"section\" data-settings=\"{&quot;background_background&quot;:&quot;classic&quot;,&quot;stretch_section&quot;:&quot;section-stretched&quot;}\">\n\t\t\t\t\t\t<div class=\"elementor-container elementor-column-gap-extended\">\n\t\t\t\t\t<div class=\"elementor-column elementor-col-50 elementor-top-column elementor-element elementor-element-3efd200 sc_inner_width_none sc_content_align_inherit sc_layouts_column_icons_position_left sc_fly_static\" data-id=\"3efd200\" data-element_type=\"column\" data-e-type=\"column\">\n\t\t\t<div class=\"elementor-widget-wrap elementor-element-populated\">\n\t\t\t\t\t\t<div class=\"elementor-element elementor-element-17d54ae sc_fly_static elementor-widget elementor-widget-heading\" data-id=\"17d54ae\" data-element_type=\"widget\" data-e-type=\"widget\" data-widget_type=\"heading.default\">\n\t\t\t\t<div class=\"elementor-widget-container\">\n\t\t\t\t\t<h1 class=\"elementor-heading-title elementor-size-default\">Ramon Puig Gairalt<\/h1>\t\t\t\t<\/div>\n\t\t\t\t<\/div>\n\t\t\t\t<div class=\"elementor-element elementor-element-57b5fae sc_fly_static elementor-widget elementor-widget-spacer\" data-id=\"57b5fae\" data-element_type=\"widget\" data-e-type=\"widget\" data-widget_type=\"spacer.default\">\n\t\t\t\t<div class=\"elementor-widget-container\">\n\t\t\t\t\t\t\t<div class=\"elementor-spacer\">\n\t\t\t<div class=\"elementor-spacer-inner\"><\/div>\n\t\t<\/div>\n\t\t\t\t\t\t<\/div>\n\t\t\t\t<\/div>\n\t\t\t\t\t<\/div>\n\t\t<\/div>\n\t\t\t\t<div class=\"elementor-column elementor-col-50 elementor-top-column elementor-element elementor-element-79fe7779 animation_type_sequental sc_inner_width_none sc_content_align_inherit sc_layouts_column_icons_position_left sc_fly_static elementor-invisible\" data-id=\"79fe7779\" data-element_type=\"column\" data-e-type=\"column\" data-settings=\"{&quot;animation&quot;:&quot;veil-fadeinup&quot;}\">\n\t\t\t<div class=\"elementor-widget-wrap elementor-element-populated\">\n\t\t\t\t\t\t<div class=\"elementor-element elementor-element-6935fec sc_fly_static elementor-widget elementor-widget-text-editor\" data-id=\"6935fec\" data-element_type=\"widget\" data-e-type=\"widget\" data-widget_type=\"text-editor.default\">\n\t\t\t\t<div class=\"elementor-widget-container\">\n\t\t\t\t\t\t\t\t\t<p><strong>El dise\u00f1o de la Torre Amat es obra del arquitecto municipal de l\u2019Hospitalet, Ramon Puig Gairalt<\/strong>, quien tambi\u00e9n dej\u00f3 su huella en otras construcciones destacadas de la regi\u00f3n. Caracterizada por su <strong>estilo clasicista, la torre se destaca por su volumetr\u00eda, coberturas de inspiraci\u00f3n francesa y ornamentos en las fachadas, as\u00ed como por la solidez de su estructura y su jard\u00edn, que se organiza alrededor de la torre<\/strong>.<\/p><p>Puig Gairalt, junto con otras torres notables en Cardedeu, como la Casa Campmajor, la Casa Cort\u00e9s y el antiguo Casino, forma parte de una generaci\u00f3n de arquitectos con un esp\u00edritu culto y cosmopolita, que se debat\u00eda entre la vanguardia y el retorno al clasicismo. La Torre Amat, con su torre destacada, se convierte as\u00ed en una referencia visual importante en el perfil de la villa.<\/p>\t\t\t\t\t\t\t\t<\/div>\n\t\t\t\t<\/div>\n\t\t\t\t<div class=\"elementor-element elementor-element-458b501 sc_height_huge sc_fly_static elementor-widget elementor-widget-spacer\" data-id=\"458b501\" data-element_type=\"widget\" data-e-type=\"widget\" data-widget_type=\"spacer.default\">\n\t\t\t\t<div class=\"elementor-widget-container\">\n\t\t\t\t\t\t\t<div class=\"elementor-spacer\">\n\t\t\t<div class=\"elementor-spacer-inner\"><\/div>\n\t\t<\/div>\n\t\t\t\t\t\t<\/div>\n\t\t\t\t<\/div>\n\t\t\t\t\t<\/div>\n\t\t<\/div>\n\t\t\t\t\t<\/div>\n\t\t<\/section>\n\t\t\t\t<section class=\"elementor-section elementor-top-section elementor-element elementor-element-2921ee47 elementor-section-content-middle elementor-section-boxed elementor-section-height-default elementor-section-height-default sc_fly_static\" data-id=\"2921ee47\" data-element_type=\"section\" data-e-type=\"section\" data-settings=\"{&quot;background_background&quot;:&quot;classic&quot;}\">\n\t\t\t\t\t\t<div class=\"elementor-container elementor-column-gap-no\">\n\t\t\t\t\t<div class=\"elementor-column elementor-col-33 elementor-top-column elementor-element elementor-element-37055d44 sc_inner_width_none sc_content_align_inherit sc_layouts_column_icons_position_left sc_fly_static\" data-id=\"37055d44\" data-element_type=\"column\" data-e-type=\"column\">\n\t\t\t<div class=\"elementor-widget-wrap elementor-element-populated\">\n\t\t\t\t\t\t<div class=\"elementor-element elementor-element-6036f20 sc_fly_static elementor-widget elementor-widget-heading\" data-id=\"6036f20\" data-element_type=\"widget\" data-e-type=\"widget\" data-widget_type=\"heading.default\">\n\t\t\t\t<div class=\"elementor-widget-container\">\n\t\t\t\t\t<h1 class=\"elementor-heading-title elementor-size-default\">Galer\u00eda<\/h1>\t\t\t\t<\/div>\n\t\t\t\t<\/div>\n\t\t\t\t<div class=\"elementor-element elementor-element-96dfd76 sc_fly_static elementor-widget elementor-widget-spacer\" data-id=\"96dfd76\" data-element_type=\"widget\" data-e-type=\"widget\" data-widget_type=\"spacer.default\">\n\t\t\t\t<div class=\"elementor-widget-container\">\n\t\t\t\t\t\t\t<div class=\"elementor-spacer\">\n\t\t\t<div class=\"elementor-spacer-inner\"><\/div>\n\t\t<\/div>\n\t\t\t\t\t\t<\/div>\n\t\t\t\t<\/div>\n\t\t\t\t<div class=\"elementor-element elementor-element-24ebbbbe sc_fly_static elementor-widget elementor-widget-image\" data-id=\"24ebbbbe\" data-element_type=\"widget\" data-e-type=\"widget\" data-widget_type=\"image.default\">\n\t\t\t\t<div class=\"elementor-widget-container\">\n\t\t\t\t\t\t\t\t\t\t\t\t\t\t\t<img loading=\"lazy\" decoding=\"async\" width=\"683\" height=\"1024\" src=\"https:\/\/www.torreamatcardedeu.com\/wp-content\/uploads\/2024\/03\/E2bB-1163-683x1024.jpg\" class=\"elementor-animation-grow attachment-large size-large wp-image-1219\" alt=\"\" srcset=\"https:\/\/www.torreamatcardedeu.com\/wp-content\/uploads\/2024\/03\/E2bB-1163-683x1024.jpg 683w, https:\/\/www.torreamatcardedeu.com\/wp-content\/uploads\/2024\/03\/E2bB-1163-200x300.jpg 200w, https:\/\/www.torreamatcardedeu.com\/wp-content\/uploads\/2024\/03\/E2bB-1163-768x1152.jpg 768w, https:\/\/www.torreamatcardedeu.com\/wp-content\/uploads\/2024\/03\/E2bB-1163-1024x1536.jpg 1024w, https:\/\/www.torreamatcardedeu.com\/wp-content\/uploads\/2024\/03\/E2bB-1163-1365x2048.jpg 1365w, https:\/\/www.torreamatcardedeu.com\/wp-content\/uploads\/2024\/03\/E2bB-1163-370x555.jpg 370w, https:\/\/www.torreamatcardedeu.com\/wp-content\/uploads\/2024\/03\/E2bB-1163-840x1260.jpg 840w, https:\/\/www.torreamatcardedeu.com\/wp-content\/uploads\/2024\/03\/E2bB-1163-410x615.jpg 410w, https:\/\/www.torreamatcardedeu.com\/wp-content\/uploads\/2024\/03\/E2bB-1163-scaled.jpg 1707w\" sizes=\"(max-width: 683px) 100vw, 683px\" \/>\t\t\t\t\t\t\t\t\t\t\t\t\t\t\t<\/div>\n\t\t\t\t<\/div>\n\t\t\t\t\t<\/div>\n\t\t<\/div>\n\t\t\t\t<div class=\"elementor-column elementor-col-33 elementor-top-column elementor-element elementor-element-3050efbc sc_inner_width_none sc_content_align_inherit sc_layouts_column_icons_position_left sc_fly_static\" data-id=\"3050efbc\" data-element_type=\"column\" data-e-type=\"column\">\n\t\t\t<div class=\"elementor-widget-wrap elementor-element-populated\">\n\t\t\t\t\t\t<div class=\"elementor-element elementor-element-dc5904b sc_fly_static elementor-widget elementor-widget-image\" data-id=\"dc5904b\" data-element_type=\"widget\" data-e-type=\"widget\" data-widget_type=\"image.default\">\n\t\t\t\t<div class=\"elementor-widget-container\">\n\t\t\t\t\t\t\t\t\t\t\t\t\t\t\t<img loading=\"lazy\" decoding=\"async\" width=\"683\" height=\"1024\" src=\"https:\/\/www.torreamatcardedeu.com\/wp-content\/uploads\/2024\/03\/E2bB-1164-683x1024.jpg\" class=\"elementor-animation-grow attachment-large size-large wp-image-1220\" alt=\"\" srcset=\"https:\/\/www.torreamatcardedeu.com\/wp-content\/uploads\/2024\/03\/E2bB-1164-683x1024.jpg 683w, https:\/\/www.torreamatcardedeu.com\/wp-content\/uploads\/2024\/03\/E2bB-1164-200x300.jpg 200w, https:\/\/www.torreamatcardedeu.com\/wp-content\/uploads\/2024\/03\/E2bB-1164-768x1152.jpg 768w, https:\/\/www.torreamatcardedeu.com\/wp-content\/uploads\/2024\/03\/E2bB-1164-1024x1536.jpg 1024w, https:\/\/www.torreamatcardedeu.com\/wp-content\/uploads\/2024\/03\/E2bB-1164-1365x2048.jpg 1365w, https:\/\/www.torreamatcardedeu.com\/wp-content\/uploads\/2024\/03\/E2bB-1164-370x555.jpg 370w, https:\/\/www.torreamatcardedeu.com\/wp-content\/uploads\/2024\/03\/E2bB-1164-840x1260.jpg 840w, https:\/\/www.torreamatcardedeu.com\/wp-content\/uploads\/2024\/03\/E2bB-1164-410x615.jpg 410w, https:\/\/www.torreamatcardedeu.com\/wp-content\/uploads\/2024\/03\/E2bB-1164-scaled.jpg 1707w\" sizes=\"(max-width: 683px) 100vw, 683px\" \/>\t\t\t\t\t\t\t\t\t\t\t\t\t\t\t<\/div>\n\t\t\t\t<\/div>\n\t\t\t\t<div class=\"elementor-element elementor-element-295f618 sc_fly_static elementor-widget elementor-widget-spacer\" data-id=\"295f618\" data-element_type=\"widget\" data-e-type=\"widget\" data-widget_type=\"spacer.default\">\n\t\t\t\t<div class=\"elementor-widget-container\">\n\t\t\t\t\t\t\t<div class=\"elementor-spacer\">\n\t\t\t<div class=\"elementor-spacer-inner\"><\/div>\n\t\t<\/div>\n\t\t\t\t\t\t<\/div>\n\t\t\t\t<\/div>\n\t\t\t\t\t<\/div>\n\t\t<\/div>\n\t\t\t\t<div class=\"elementor-column elementor-col-33 elementor-top-column elementor-element elementor-element-2832ba0f sc_inner_width_none sc_content_align_inherit sc_layouts_column_icons_position_left sc_fly_static\" data-id=\"2832ba0f\" data-element_type=\"column\" data-e-type=\"column\">\n\t\t\t<div class=\"elementor-widget-wrap elementor-element-populated\">\n\t\t\t\t\t\t<div class=\"elementor-element elementor-element-6b0c83f1 sc_fly_static elementor-widget elementor-widget-image\" data-id=\"6b0c83f1\" data-element_type=\"widget\" data-e-type=\"widget\" data-widget_type=\"image.default\">\n\t\t\t\t<div class=\"elementor-widget-container\">\n\t\t\t\t\t\t\t\t\t\t\t\t\t\t\t<img loading=\"lazy\" decoding=\"async\" width=\"1707\" height=\"2560\" src=\"https:\/\/www.torreamatcardedeu.com\/wp-content\/uploads\/2024\/03\/E2bB-1124-scaled.jpg\" class=\"elementor-animation-grow attachment-full size-full wp-image-1218\" alt=\"\" srcset=\"https:\/\/www.torreamatcardedeu.com\/wp-content\/uploads\/2024\/03\/E2bB-1124-scaled.jpg 1707w, https:\/\/www.torreamatcardedeu.com\/wp-content\/uploads\/2024\/03\/E2bB-1124-200x300.jpg 200w, https:\/\/www.torreamatcardedeu.com\/wp-content\/uploads\/2024\/03\/E2bB-1124-683x1024.jpg 683w, https:\/\/www.torreamatcardedeu.com\/wp-content\/uploads\/2024\/03\/E2bB-1124-768x1152.jpg 768w, https:\/\/www.torreamatcardedeu.com\/wp-content\/uploads\/2024\/03\/E2bB-1124-1024x1536.jpg 1024w, https:\/\/www.torreamatcardedeu.com\/wp-content\/uploads\/2024\/03\/E2bB-1124-1365x2048.jpg 1365w, https:\/\/www.torreamatcardedeu.com\/wp-content\/uploads\/2024\/03\/E2bB-1124-370x555.jpg 370w, https:\/\/www.torreamatcardedeu.com\/wp-content\/uploads\/2024\/03\/E2bB-1124-840x1260.jpg 840w, https:\/\/www.torreamatcardedeu.com\/wp-content\/uploads\/2024\/03\/E2bB-1124-410x615.jpg 410w\" sizes=\"(max-width: 1707px) 100vw, 1707px\" \/>\t\t\t\t\t\t\t\t\t\t\t\t\t\t\t<\/div>\n\t\t\t\t<\/div>\n\t\t\t\t\t<\/div>\n\t\t<\/div>\n\t\t\t\t\t<\/div>\n\t\t<\/section>\n\t\t\t\t<\/div>\n\t\t","protected":false},"excerpt":{"rendered":"<p>Torre Amat, Cardedeu Es un edificio protegido como bien cultural de inter\u00e9s local. Construida dos a\u00f1os despu\u00e9s de la finalizaci\u00f3n de la carretera de Caldes, su estilo sugiere influencia vienesa,&hellip;<\/p>\n","protected":false},"author":3,"featured_media":0,"parent":0,"menu_order":0,"comment_status":"closed","ping_status":"closed","template":"","meta":{"footnotes":""},"class_list":["post-73","page","type-page","status-publish","hentry"],"_links":{"self":[{"href":"https:\/\/www.torreamatcardedeu.com\/index.php\/wp-json\/wp\/v2\/pages\/73","targetHints":{"allow":["GET"]}}],"collection":[{"href":"https:\/\/www.torreamatcardedeu.com\/index.php\/wp-json\/wp\/v2\/pages"}],"about":[{"href":"https:\/\/www.torreamatcardedeu.com\/index.php\/wp-json\/wp\/v2\/types\/page"}],"author":[{"embeddable":true,"href":"https:\/\/www.torreamatcardedeu.com\/index.php\/wp-json\/wp\/v2\/users\/3"}],"replies":[{"embeddable":true,"href":"https:\/\/www.torreamatcardedeu.com\/index.php\/wp-json\/wp\/v2\/comments?post=73"}],"version-history":[{"count":198,"href":"https:\/\/www.torreamatcardedeu.com\/index.php\/wp-json\/wp\/v2\/pages\/73\/revisions"}],"predecessor-version":[{"id":1723,"href":"https:\/\/www.torreamatcardedeu.com\/index.php\/wp-json\/wp\/v2\/pages\/73\/revisions\/1723"}],"wp:attachment":[{"href":"https:\/\/www.torreamatcardedeu.com\/index.php\/wp-json\/wp\/v2\/media?parent=73"}],"curies":[{"name":"wp","href":"https:\/\/api.w.org\/{rel}","templated":true}]}}